{"id":771,"date":"2022-06-27T09:02:50","date_gmt":"2022-06-27T09:02:50","guid":{"rendered":"https:\/\/www.zak.lu\/?page_id=771"},"modified":"2022-06-27T09:04:10","modified_gmt":"2022-06-27T09:04:10","slug":"impressum","status":"publish","type":"page","link":"https:\/\/www.zak.lu\/?page_id=771","title":{"rendered":"Impressum"},"content":{"rendered":"<section  class='av_textblock_section av-l4wihz9g-73f725280aec242f67779e7d5d7f6a53'  itemscope=\"itemscope\" itemtype=\"https:\/\/schema.org\/CreativeWork\" ><div class='avia_textblock'  itemprop=\"text\" ><h2>\nImpressum<\/h2>\n<p><strong>Verantwortlicher Herausgeber:<\/strong><br \/>\nZAK! zesummen aktiv<br \/>\n21, rue Adolphe<br \/>\nL-1116 Luxembourg<\/p>\n<p>Copyright:\u00a0\u00a9 2022 ZAK!<\/p>\n<p>Alle Rechte vorbehalten. Text, Bilder und Grafiken sowie deren Anordnung auf dieser Website unterliegen dem Schutz des Urheberrechts und anderer Schutzgesetze. Der Inhalt dieser Website darf nicht zu kommerziellen Zwecken kopiert, verbreitet, ver\u00e4ndert oder Dritten zug\u00e4nglich gemacht werden. Die Website enth\u00e4lt au\u00dferdem Bilder und Links, die ganz oder teilweise dem Copyright Dritter unterliegen. Das in der Website enthaltene geistige Eigentum ist gesch\u00fctzt. Durch die Ver\u00f6ffentlichung dieser Website erteilen die Produzenten keine Lizenz zur Nutzung dieses Eigentums an Dritte.<\/p>\n<p><strong>Haftungshinweis:<\/strong><br \/>\nDie Nachrichten auf dieser Internetseite wurden mit der nach den Umst\u00e4nden gebotenen Sorgfalt auf Inhalt, Herkunft und Wahrheit gepr\u00fcft. Es wird keine Gew\u00e4hr f\u00fcr die Vollst\u00e4ndigkeit, Richtigkeit oder Aktualit\u00e4t sowie die jederzeitige Verf\u00fcgbarkeit der bereitgestellten Informationen \u00fcbernommen. Eine Haftung f\u00fcr Sch\u00e4den, die aus der Nutzung oder Nichtnutzung der auf dieser Internetseite angebotenen Informationen oder das Aufrufen oder Herunterladen von Daten oder die Installation oder Nutzung von heruntergeladener Software entstehen, wird \u2013 soweit gesetzlich zul\u00e4ssig \u2013 ausgeschlossen.<\/p>\n<p><strong>Realisierung:<\/strong><br \/>\nGRAFOKA \u2013 Katja Paulis<br \/>\nKleeborn, Breitfeld 13<br \/>\nB \u2013 4780 St.Vith<br \/>\nTel.: +32 (0)473 653 603<\/p>\n<p><strong>Hosting:<\/strong><br \/>\nNext-IT S\u00e0rl<br \/>\n5, Steen<br \/>\n9993-Weiswampach<br \/>\nTel.: +352 2832 8888<\/p>\n<\/div><\/section>\n","protected":false},"excerpt":{"rendered":"","protected":false},"author":1,"featured_media":0,"parent":0,"menu_order":0,"comment_status":"closed","ping_status":"closed","template":"","meta":{"footnotes":""},"class_list":["post-771","page","type-page","status-publish","hentry"],"yoast_head":"<!-- This site is optimized with the Yoast SEO plugin v27.4 - https:\/\/yoast.com\/product\/yoast-seo-wordpress\/ -->\n<title>Impressum - Zak<\/title>\n<meta name=\"description\" content=\"Zak Impressum ZAK!, zesummen aktiv, Luxemburg, Luxembourg, Weiswampach, Verantwortlicher, Herausgeber, Grafoka, Next-it\" \/>\n<meta name=\"robots\" content=\"index, follow, max-snippet:-1, max-image-preview:large, max-video-preview:-1\" \/>\n<link rel=\"canonical\" href=\"https:\/\/www.zak.lu\/?page_id=771\" \/>\n<meta property=\"og:locale\" content=\"de_DE\" \/>\n<meta property=\"og:type\" content=\"article\" \/>\n<meta property=\"og:title\" content=\"Impressum - Zak\" \/>\n<meta property=\"og:description\" content=\"Zak Impressum ZAK!, zesummen aktiv, Luxemburg, Luxembourg, Weiswampach, Verantwortlicher, Herausgeber, Grafoka, Next-it\" \/>\n<meta property=\"og:url\" content=\"https:\/\/www.zak.lu\/?page_id=771\" \/>\n<meta property=\"og:site_name\" content=\"Zak\" \/>\n<meta property=\"article:modified_time\" content=\"2022-06-27T09:04:10+00:00\" \/>\n<meta name=\"twitter:card\" content=\"summary_large_image\" \/>\n<meta name=\"twitter:label1\" content=\"Gesch\u00e4tzte Lesezeit\" \/>\n\t<meta name=\"twitter:data1\" content=\"2\u00a0Minuten\" \/>\n<script type=\"application\/ld+json\" class=\"yoast-schema-graph\">{\"@context\":\"https:\\\/\\\/schema.org\",\"@graph\":[{\"@type\":\"WebPage\",\"@id\":\"https:\\\/\\\/www.zak.lu\\\/?page_id=771\",\"url\":\"https:\\\/\\\/www.zak.lu\\\/?page_id=771\",\"name\":\"Impressum - Zak\",\"isPartOf\":{\"@id\":\"https:\\\/\\\/www.zak.lu\\\/#website\"},\"datePublished\":\"2022-06-27T09:02:50+00:00\",\"dateModified\":\"2022-06-27T09:04:10+00:00\",\"description\":\"Zak Impressum ZAK!, zesummen aktiv, Luxemburg, Luxembourg, Weiswampach, Verantwortlicher, Herausgeber, Grafoka, Next-it\",\"breadcrumb\":{\"@id\":\"https:\\\/\\\/www.zak.lu\\\/?page_id=771#breadcrumb\"},\"inLanguage\":\"de\",\"potentialAction\":[{\"@type\":\"ReadAction\",\"target\":[\"https:\\\/\\\/www.zak.lu\\\/?page_id=771\"]}]},{\"@type\":\"BreadcrumbList\",\"@id\":\"https:\\\/\\\/www.zak.lu\\\/?page_id=771#breadcrumb\",\"itemListElement\":[{\"@type\":\"ListItem\",\"position\":1,\"name\":\"Startseite\",\"item\":\"https:\\\/\\\/www.zak.lu\\\/\"},{\"@type\":\"ListItem\",\"position\":2,\"name\":\"Impressum\"}]},{\"@type\":\"WebSite\",\"@id\":\"https:\\\/\\\/www.zak.lu\\\/#website\",\"url\":\"https:\\\/\\\/www.zak.lu\\\/\",\"name\":\"Zak\",\"description\":\"\",\"publisher\":{\"@id\":\"https:\\\/\\\/www.zak.lu\\\/#organization\"},\"potentialAction\":[{\"@type\":\"SearchAction\",\"target\":{\"@type\":\"EntryPoint\",\"urlTemplate\":\"https:\\\/\\\/www.zak.lu\\\/?s={search_term_string}\"},\"query-input\":{\"@type\":\"PropertyValueSpecification\",\"valueRequired\":true,\"valueName\":\"search_term_string\"}}],\"inLanguage\":\"de\"},{\"@type\":\"Organization\",\"@id\":\"https:\\\/\\\/www.zak.lu\\\/#organization\",\"name\":\"ZAK!\",\"url\":\"https:\\\/\\\/www.zak.lu\\\/\",\"logo\":{\"@type\":\"ImageObject\",\"inLanguage\":\"de\",\"@id\":\"https:\\\/\\\/www.zak.lu\\\/#\\\/schema\\\/logo\\\/image\\\/\",\"url\":\"https:\\\/\\\/www.zak.lu\\\/wp-content\\\/uploads\\\/2022\\\/05\\\/ZakLogoHR.jpg\",\"contentUrl\":\"https:\\\/\\\/www.zak.lu\\\/wp-content\\\/uploads\\\/2022\\\/05\\\/ZakLogoHR.jpg\",\"width\":1422,\"height\":1067,\"caption\":\"ZAK!\"},\"image\":{\"@id\":\"https:\\\/\\\/www.zak.lu\\\/#\\\/schema\\\/logo\\\/image\\\/\"}}]}<\/script>\n<!-- \/ Yoast SEO plugin. -->","yoast_head_json":{"title":"Impressum - Zak","description":"Zak Impressum ZAK!, zesummen aktiv, Luxemburg, Luxembourg, Weiswampach, Verantwortlicher, Herausgeber, Grafoka, Next-it","robots":{"index":"index","follow":"follow","max-snippet":"max-snippet:-1","max-image-preview":"max-image-preview:large","max-video-preview":"max-video-preview:-1"},"canonical":"https:\/\/www.zak.lu\/?page_id=771","og_locale":"de_DE","og_type":"article","og_title":"Impressum - Zak","og_description":"Zak Impressum ZAK!, zesummen aktiv, Luxemburg, Luxembourg, Weiswampach, Verantwortlicher, Herausgeber, Grafoka, Next-it","og_url":"https:\/\/www.zak.lu\/?page_id=771","og_site_name":"Zak","article_modified_time":"2022-06-27T09:04:10+00:00","twitter_card":"summary_large_image","twitter_misc":{"Gesch\u00e4tzte Lesezeit":"2\u00a0Minuten"},"schema":{"@context":"https:\/\/schema.org","@graph":[{"@type":"WebPage","@id":"https:\/\/www.zak.lu\/?page_id=771","url":"https:\/\/www.zak.lu\/?page_id=771","name":"Impressum - Zak","isPartOf":{"@id":"https:\/\/www.zak.lu\/#website"},"datePublished":"2022-06-27T09:02:50+00:00","dateModified":"2022-06-27T09:04:10+00:00","description":"Zak Impressum ZAK!, zesummen aktiv, Luxemburg, Luxembourg, Weiswampach, Verantwortlicher, Herausgeber, Grafoka, Next-it","breadcrumb":{"@id":"https:\/\/www.zak.lu\/?page_id=771#breadcrumb"},"inLanguage":"de","potentialAction":[{"@type":"ReadAction","target":["https:\/\/www.zak.lu\/?page_id=771"]}]},{"@type":"BreadcrumbList","@id":"https:\/\/www.zak.lu\/?page_id=771#breadcrumb","itemListElement":[{"@type":"ListItem","position":1,"name":"Startseite","item":"https:\/\/www.zak.lu\/"},{"@type":"ListItem","position":2,"name":"Impressum"}]},{"@type":"WebSite","@id":"https:\/\/www.zak.lu\/#website","url":"https:\/\/www.zak.lu\/","name":"Zak","description":"","publisher":{"@id":"https:\/\/www.zak.lu\/#organization"},"potentialAction":[{"@type":"SearchAction","target":{"@type":"EntryPoint","urlTemplate":"https:\/\/www.zak.lu\/?s={search_term_string}"},"query-input":{"@type":"PropertyValueSpecification","valueRequired":true,"valueName":"search_term_string"}}],"inLanguage":"de"},{"@type":"Organization","@id":"https:\/\/www.zak.lu\/#organization","name":"ZAK!","url":"https:\/\/www.zak.lu\/","logo":{"@type":"ImageObject","inLanguage":"de","@id":"https:\/\/www.zak.lu\/#\/schema\/logo\/image\/","url":"https:\/\/www.zak.lu\/wp-content\/uploads\/2022\/05\/ZakLogoHR.jpg","contentUrl":"https:\/\/www.zak.lu\/wp-content\/uploads\/2022\/05\/ZakLogoHR.jpg","width":1422,"height":1067,"caption":"ZAK!"},"image":{"@id":"https:\/\/www.zak.lu\/#\/schema\/logo\/image\/"}}]}},"_links":{"self":[{"href":"https:\/\/www.zak.lu\/index.php?rest_route=\/wp\/v2\/pages\/771","targetHints":{"allow":["GET"]}}],"collection":[{"href":"https:\/\/www.zak.lu\/index.php?rest_route=\/wp\/v2\/pages"}],"about":[{"href":"https:\/\/www.zak.lu\/index.php?rest_route=\/wp\/v2\/types\/page"}],"author":[{"embeddable":true,"href":"https:\/\/www.zak.lu\/index.php?rest_route=\/wp\/v2\/users\/1"}],"replies":[{"embeddable":true,"href":"https:\/\/www.zak.lu\/index.php?rest_route=%2Fwp%2Fv2%2Fcomments&post=771"}],"version-history":[{"count":1,"href":"https:\/\/www.zak.lu\/index.php?rest_route=\/wp\/v2\/pages\/771\/revisions"}],"predecessor-version":[{"id":772,"href":"https:\/\/www.zak.lu\/index.php?rest_route=\/wp\/v2\/pages\/771\/revisions\/772"}],"wp:attachment":[{"href":"https:\/\/www.zak.lu\/index.php?rest_route=%2Fwp%2Fv2%2Fmedia&parent=771"}],"curies":[{"name":"wp","href":"https:\/\/api.w.org\/{rel}","templated":true}]}}