{"id":374,"date":"2015-05-31T15:14:32","date_gmt":"2015-05-31T15:14:32","guid":{"rendered":"http:\/\/test.kriesi.at\/church\/?page_id=374"},"modified":"2026-03-29T00:30:35","modified_gmt":"2026-03-28T23:30:35","slug":"zak","status":"publish","type":"page","link":"https:\/\/www.zak.lu\/?page_id=374","title":{"rendered":"ZAK!"},"content":{"rendered":"\n<style type=\"text\/css\" data-created_by=\"avia_inline_auto\" id=\"style-css-av-3gfky6-942f7a210e250d2af7a052289c0a62c8\">\n.avia-section.av-3gfky6-942f7a210e250d2af7a052289c0a62c8{\nbackground-repeat:no-repeat;\nbackground-image:url(https:\/\/www.zak.lu\/wp-content\/uploads\/2022\/05\/Summer2-scaled.jpg);\nbackground-position:50% 50%;\nbackground-attachment:fixed;\n}\n.avia-section.av-3gfky6-942f7a210e250d2af7a052289c0a62c8 .av-section-color-overlay{\nopacity:0.2;\nbackground-color:#000000;\n}\n<\/style>\n<div id='av_section_1'  class='avia-section av-3gfky6-942f7a210e250d2af7a052289c0a62c8 main_color avia-section-large avia-no-shadow  avia-builder-el-0  el_before_av_section  avia-builder-el-first  avia-full-stretch avia-bg-style-fixed av-section-color-overlay-active container_wrap sidebar_right'  data-section-bg-repeat='stretch'><div class=\"av-section-color-overlay-wrap\"><div class=\"av-section-color-overlay\"><\/div><div class='container av-section-cont-open' ><main  role=\"main\" itemprop=\"mainContentOfPage\"  class='template-page content  av-content-small alpha units'><div class='post-entry post-entry-type-page post-entry-374'><div class='entry-content-wrapper clearfix'>\n\n<style type=\"text\/css\" data-created_by=\"avia_inline_auto\" id=\"style-css-av-392lli-a0e702363bbc774a97b5b3ea839f8b13\">\n#top .av-special-heading.av-392lli-a0e702363bbc774a97b5b3ea839f8b13{\npadding-bottom:0px;\ncolor:#ffffff;\nfont-size:50px;\n}\nbody .av-special-heading.av-392lli-a0e702363bbc774a97b5b3ea839f8b13 .av-special-heading-tag .heading-char{\nfont-size:25px;\n}\n#top #wrap_all .av-special-heading.av-392lli-a0e702363bbc774a97b5b3ea839f8b13 .av-special-heading-tag{\nfont-size:50px;\n}\n.av-special-heading.av-392lli-a0e702363bbc774a97b5b3ea839f8b13 .special-heading-inner-border{\nborder-color:#ffffff;\n}\n.av-special-heading.av-392lli-a0e702363bbc774a97b5b3ea839f8b13 .av-subheading{\nfont-size:15px;\n}\n<\/style>\n<div  class='av-special-heading av-392lli-a0e702363bbc774a97b5b3ea839f8b13 av-special-heading-h3 custom-color-heading blockquote modern-quote modern-centered  avia-builder-el-1  el_before_av_hr  avia-builder-el-first  av-inherit-size'><h3 class='av-special-heading-tag'  itemprop=\"headline\"  >Qui est ZAK?<\/h3><div class=\"special-heading-border\"><div class=\"special-heading-inner-border\"><\/div><\/div><\/div>\n\n<style type=\"text\/css\" data-created_by=\"avia_inline_auto\" id=\"style-css-av-30o2e6-012c5e1e97472d32bfc55082c2479acd\">\n#top .hr.av-30o2e6-012c5e1e97472d32bfc55082c2479acd{\nmargin-top:30px;\nmargin-bottom:30px;\n}\n.hr.av-30o2e6-012c5e1e97472d32bfc55082c2479acd .hr-inner{\nwidth:20%;\nborder-color:rgba(255,255,255,0.76);\nmax-width:45%;\n}\n.hr.av-30o2e6-012c5e1e97472d32bfc55082c2479acd .av-seperator-icon{\ncolor:#ffffff;\n}\n<\/style>\n<div  class='hr av-30o2e6-012c5e1e97472d32bfc55082c2479acd hr-custom  avia-builder-el-2  el_after_av_heading  avia-builder-el-last  hr-center hr-icon-yes'><span class='hr-inner inner-border-av-border-thin'><span class=\"hr-inner-style\"><\/span><\/span><span class='av-seperator-icon' aria-hidden='true' data-av_icon='\ue8bf' data-av_iconfont='entypo-fontello'><\/span><span class='hr-inner inner-border-av-border-thin'><span class=\"hr-inner-style\"><\/span><\/span><\/div>\n\n<\/div><\/div><\/main><!-- close content main element --><\/div><\/div><\/div><div id='av_section_2'  class='avia-section av-2xwnou-2e2ce186c233e3c91ee57f2b0ab08ff4 main_color avia-section-small avia-no-border-styling  avia-builder-el-3  el_after_av_section  el_before_av_textblock  avia-bg-style-fixed container_wrap sidebar_right'  ><div class='container av-section-cont-open' ><div class='template-page content  av-content-small alpha units'><div class='post-entry post-entry-type-page post-entry-374'><div class='entry-content-wrapper clearfix'>\n<div class='flex_column_table av-2q4qj2-1d7343fa51a19ca8ad9cd28346b97427 sc-av_two_third av-equal-height-column-flextable'>\n<style type=\"text\/css\" data-created_by=\"avia_inline_auto\" id=\"style-css-av-2q4qj2-1d7343fa51a19ca8ad9cd28346b97427\">\n#top .flex_column_table.av-equal-height-column-flextable.av-2q4qj2-1d7343fa51a19ca8ad9cd28346b97427{\nmargin-top:-60px;\nmargin-bottom:0px;\n}\n.flex_column.av-2q4qj2-1d7343fa51a19ca8ad9cd28346b97427{\nborder-radius:0px 0px 0px 0px;\n-webkit-border-radius:0px 0px 0px 0px;\n-moz-border-radius:0px 0px 0px 0px;\npadding:30px 30px 30px 30px;\nbackground-color:#ffffff;\n}\n<\/style>\n<div class='flex_column av-2q4qj2-1d7343fa51a19ca8ad9cd28346b97427 av_two_third  avia-builder-el-4  el_before_av_one_third  avia-builder-el-first  first no_margin flex_column_table_cell av-equal-height-column av-align-top '   ><p>\n<style type=\"text\/css\" data-created_by=\"avia_inline_auto\" id=\"style-css-av-2ms02u-3f41b6e7e2eea0eb45bca60fb63250ac\">\n#top .av-special-heading.av-2ms02u-3f41b6e7e2eea0eb45bca60fb63250ac{\npadding-bottom:0px;\n}\nbody .av-special-heading.av-2ms02u-3f41b6e7e2eea0eb45bca60fb63250ac .av-special-heading-tag .heading-char{\nfont-size:25px;\n}\n.av-special-heading.av-2ms02u-3f41b6e7e2eea0eb45bca60fb63250ac .av-subheading{\nfont-size:15px;\n}\n<\/style>\n<div  class='av-special-heading av-2ms02u-3f41b6e7e2eea0eb45bca60fb63250ac av-special-heading-h3 blockquote modern-quote  avia-builder-el-5  el_before_av_textblock  avia-builder-el-first '><h3 class='av-special-heading-tag'  itemprop=\"headline\"  >Qui est ZAK?<\/h3><div class=\"special-heading-border\"><div class=\"special-heading-inner-border\"><\/div><\/div><\/div><br \/>\n<section  class='av_textblock_section av-2f2yba-2fb46470715abcfa82c16ec564d8d554'  itemscope=\"itemscope\" itemtype=\"https:\/\/schema.org\/CreativeWork\" ><div class='avia_textblock'  itemprop=\"text\" ><p>L&#8217;association a \u00e9t\u00e9 cr\u00e9\u00e9e en septembre 2008 par un groupe d&#8217;entra\u00eeneurs, de sportifs avec et sans handicap mental et de parents qui ont voulu se lancer sur une nouvelle voie. \u00a0Le but de ZAK! est de travailler de fa\u00e7on int\u00e9grative et de favoriser l&#8217;inclusion de personnes mentalement handicap\u00e9es en pratiquant ensemble des activit\u00e9s sportives, culturelles et sociales.<\/p>\n<p>L&#8217;association est bas\u00e9e exclusivement sur le principe du b\u00e9n\u00e9volat. ZAK! fonctionne essentiellement gr\u00e2ce \u00e0 des entra\u00eeneurs comp\u00e9tents et engag\u00e9s, des jeunes partenaires enthousiastes et pr\u00eats \u00e0 sacrifier une partie de leur temps libre pour la bonne cause et \u00e0 des parents et \u00e9ducateurs soucieux d&#8217;une meilleure acceptation du handicap mental dans la soci\u00e9t\u00e9.<\/p>\n<\/div><\/section><br \/>\n<div  class='avia-slideshow av-l3iqenkn-efa52627862e61f6c70ccd5bfcf990dc av-control-default avia-slideshow-portfolio av_slideshow avia-slide-slider  avia-builder-el-7  el_after_av_textblock  el_before_av_heading  av-default-height-applied avia-slideshow-1'  data-size='portfolio'  data-lightbox_size='large'  data-animation='slide'  data-conditional_play=''  data-ids='580,578,576,561,582,565'  data-video_counter='0'  data-autoplay='true'  data-bg_slider='false'  data-slide_height=''  data-handle='av_slideshow'  data-interval='5'  data-class=' avia-builder-el-7  el_after_av_textblock  el_before_av_heading '  data-extra_class=''  data-el_id=''  data-css_id=''  data-scroll_down=''  data-control_layout='av-control-default'  data-custom_markup=''  data-perma_caption=''  data-autoplay_stopper=''  data-image_attachment=''  data-min_height='0px'  data-lazy_loading='disabled'  data-default-height='80.808080808081'  data-img_scrset=''  data-av-desktop-hide=''  data-av-medium-hide=''  data-av-small-hide=''  data-av-mini-hide=''  data-alb_description=''  data-id=''  data-custom_class=''  data-template_class=''  data-av_uid='av-l3iqenkn'  data-sc_version='1.0'  data-heading_tag=''  data-heading_class=''   itemprop=\"image\" itemscope=\"itemscope\" itemtype=\"https:\/\/schema.org\/ImageObject\" ><ul class='avia-slideshow-inner ' style='padding-bottom: 80.808080808081%;'><li  class='avia-slideshow-slide av-l3iqenkn-efa52627862e61f6c70ccd5bfcf990dc__0  slide-1 ' ><div data-rel='slideshow-1' class='avia-slide-wrap '   ><img decoding=\"async\" class=\"wp-image-580 avia-img-lazy-loading-not-580\"  src=\"https:\/\/www.zak.lu\/wp-content\/uploads\/2022\/05\/Team1-495x400.jpg\" width=\"495\" height=\"400\" title='Team 1' alt='Team 1'  itemprop=\"thumbnailUrl\" srcset=\"https:\/\/www.zak.lu\/wp-content\/uploads\/2022\/05\/Team1-495x400.jpg 495w, https:\/\/www.zak.lu\/wp-content\/uploads\/2022\/05\/Team1-845x684.jpg 845w\" sizes=\"(max-width: 495px) 100vw, 495px\" \/><\/div><\/li><li  class='avia-slideshow-slide av-l3iqenkn-efa52627862e61f6c70ccd5bfcf990dc__1  slide-2 ' ><div data-rel='slideshow-1' class='avia-slide-wrap '   ><img decoding=\"async\" class=\"wp-image-578 avia-img-lazy-loading-not-578\"  src=\"https:\/\/www.zak.lu\/wp-content\/uploads\/2022\/05\/Summer1-495x400.jpg\" width=\"495\" height=\"400\" title='Summer 2' alt='Summer 2'  itemprop=\"thumbnailUrl\" srcset=\"https:\/\/www.zak.lu\/wp-content\/uploads\/2022\/05\/Summer1-495x400.jpg 495w, https:\/\/www.zak.lu\/wp-content\/uploads\/2022\/05\/Summer1-845x684.jpg 845w\" sizes=\"(max-width: 495px) 100vw, 495px\" \/><\/div><\/li><li  class='avia-slideshow-slide av-l3iqenkn-efa52627862e61f6c70ccd5bfcf990dc__2  slide-3 ' ><div data-rel='slideshow-1' class='avia-slide-wrap '   ><img decoding=\"async\" class=\"wp-image-576 avia-img-lazy-loading-not-576\"  src=\"https:\/\/www.zak.lu\/wp-content\/uploads\/2022\/05\/Schi04-495x400.jpg\" width=\"495\" height=\"400\" title='Ski' alt='Ski'  itemprop=\"thumbnailUrl\" srcset=\"https:\/\/www.zak.lu\/wp-content\/uploads\/2022\/05\/Schi04-495x400.jpg 495w, https:\/\/www.zak.lu\/wp-content\/uploads\/2022\/05\/Schi04-845x684.jpg 845w\" sizes=\"(max-width: 495px) 100vw, 495px\" \/><\/div><\/li><li  class='avia-slideshow-slide av-l3iqenkn-efa52627862e61f6c70ccd5bfcf990dc__3  slide-4 ' ><div data-rel='slideshow-1' class='avia-slide-wrap '   ><img decoding=\"async\" class=\"wp-image-561 avia-img-lazy-loading-not-561\"  src=\"https:\/\/www.zak.lu\/wp-content\/uploads\/2022\/05\/Basket2-495x400.jpg\" width=\"495\" height=\"400\" title='Basketball' alt='Basketball'  itemprop=\"thumbnailUrl\" srcset=\"https:\/\/www.zak.lu\/wp-content\/uploads\/2022\/05\/Basket2-495x400.jpg 495w, https:\/\/www.zak.lu\/wp-content\/uploads\/2022\/05\/Basket2-845x684.jpg 845w\" sizes=\"(max-width: 495px) 100vw, 495px\" \/><\/div><\/li><li  class='avia-slideshow-slide av-l3iqenkn-efa52627862e61f6c70ccd5bfcf990dc__4  slide-5 ' ><div data-rel='slideshow-1' class='avia-slide-wrap '   ><img decoding=\"async\" class=\"wp-image-582 avia-img-lazy-loading-not-582\"  src=\"https:\/\/www.zak.lu\/wp-content\/uploads\/2022\/05\/Team3-495x400.jpg\" width=\"495\" height=\"400\" title='Kaartespill' alt=''  itemprop=\"thumbnailUrl\" srcset=\"https:\/\/www.zak.lu\/wp-content\/uploads\/2022\/05\/Team3-495x400.jpg 495w, https:\/\/www.zak.lu\/wp-content\/uploads\/2022\/05\/Team3-845x684.jpg 845w\" sizes=\"(max-width: 495px) 100vw, 495px\" \/><\/div><\/li><li  class='avia-slideshow-slide av-l3iqenkn-efa52627862e61f6c70ccd5bfcf990dc__5  slide-6 ' ><div data-rel='slideshow-1' class='avia-slide-wrap '   ><img decoding=\"async\" class=\"wp-image-565 avia-img-lazy-loading-not-565\"  src=\"https:\/\/www.zak.lu\/wp-content\/uploads\/2022\/05\/Marche2-495x400.jpg\" width=\"495\" height=\"400\" title='Marche' alt='Marche'  itemprop=\"thumbnailUrl\" srcset=\"https:\/\/www.zak.lu\/wp-content\/uploads\/2022\/05\/Marche2-495x400.jpg 495w, https:\/\/www.zak.lu\/wp-content\/uploads\/2022\/05\/Marche2-845x684.jpg 845w\" sizes=\"(max-width: 495px) 100vw, 495px\" \/><\/div><\/li><\/ul><div class='avia-slideshow-arrows avia-slideshow-controls' ><a href='#prev' class='prev-slide ' aria-hidden='true' data-av_icon='\ue87c' data-av_iconfont='entypo-fontello'  tabindex='-1'>Zur\u00fcck<\/a><a href='#next' class='next-slide ' aria-hidden='true' data-av_icon='\ue87d' data-av_iconfont='entypo-fontello'  tabindex='-1'>Weiter<\/a><\/div><div class='avia-slideshow-dots avia-slideshow-controls'><a href='#1' class='goto-slide active' >1<\/a><a href='#2' class='goto-slide ' >2<\/a><a href='#3' class='goto-slide ' >3<\/a><a href='#4' class='goto-slide ' >4<\/a><a href='#5' class='goto-slide ' >5<\/a><a href='#6' class='goto-slide ' >6<\/a><\/div><\/div><br \/>\n\n<style type=\"text\/css\" data-created_by=\"avia_inline_auto\" id=\"style-css-av-l3ser10l-f97221e4eae9002042c76146581fd501\">\n#top .av-special-heading.av-l3ser10l-f97221e4eae9002042c76146581fd501{\npadding-bottom:0px;\n}\nbody .av-special-heading.av-l3ser10l-f97221e4eae9002042c76146581fd501 .av-special-heading-tag .heading-char{\nfont-size:25px;\n}\n.av-special-heading.av-l3ser10l-f97221e4eae9002042c76146581fd501 .av-subheading{\nfont-size:15px;\n}\n<\/style>\n<div  class='av-special-heading av-l3ser10l-f97221e4eae9002042c76146581fd501 av-special-heading-h3 blockquote modern-quote  avia-builder-el-8  el_after_av_slideshow  el_before_av_textblock '><h3 class='av-special-heading-tag'  itemprop=\"headline\"  >Wer\/was ist ZAK?<\/h3><div class=\"special-heading-border\"><div class=\"special-heading-inner-border\"><\/div><\/div><\/div><br \/>\n<section  class='av_textblock_section av-l3seq1av-3a87943ecc02f361ec7aba5d5b41212c'  itemscope=\"itemscope\" itemtype=\"https:\/\/schema.org\/CreativeWork\" ><div class='avia_textblock'  itemprop=\"text\" ><p>Der Verein wurde im September 2008 von einer Gruppe von Trainern, Sportlern mit und ohne geistiger Behinderung und Eltern gegr\u00fcndet, die einen neuen Weg einschlagen wollten. Ziel von ZAK! ist es, integrativ zu arbeiten und die Inklusion von Menschen mit geistiger Behinderung durch gemeinsame sportliche, kulturelle und soziale Aktivit\u00e4ten zu f\u00f6rdern.<\/p>\n<p>Der Verein basiert ausschlie\u00dflich auf dem Prinzip der Ehrenamtlichkeit. ZAK! arbeitet im Wesentlichen dank kompetenter und engagierter Trainer, begeisterter junger Partner, die bereit sind, einen Teil ihrer Freizeit zu opfern, und Eltern sowie Erziehern, die sich f\u00fcr eine bessere Akzeptanz geistiger Behinderung in der Gesellschaft einsetzen.<\/p>\n<\/div><\/section><\/p><\/div>\n<style type=\"text\/css\" data-created_by=\"avia_inline_auto\" id=\"style-css-av-15nwfi-df3508d88132fde465f6c48db7b62979\">\n#top .flex_column_table.av-equal-height-column-flextable.av-15nwfi-df3508d88132fde465f6c48db7b62979{\nmargin-top:-60px;\nmargin-bottom:0px;\n}\n.flex_column.av-15nwfi-df3508d88132fde465f6c48db7b62979{\nborder-radius:0px 0px 0px 0px;\n-webkit-border-radius:0px 0px 0px 0px;\n-moz-border-radius:0px 0px 0px 0px;\npadding:30px 30px 30px 30px;\nbackground-color:#f0f0f0;\n}\n<\/style>\n<div class='flex_column av-15nwfi-df3508d88132fde465f6c48db7b62979 av_one_third  avia-builder-el-10  el_after_av_two_third  avia-builder-el-last  no_margin flex_column_table_cell av-equal-height-column av-align-top '   ><p>\n<style type=\"text\/css\" data-created_by=\"avia_inline_auto\" id=\"style-css-av-pwkti-bbb10729af4c0d6eef36bd7c49ba7b73\">\n#top .av_textblock_section.av-pwkti-bbb10729af4c0d6eef36bd7c49ba7b73 .avia_textblock{\ncolor:#000000;\n}\n<\/style>\n<section  class='av_textblock_section av-pwkti-bbb10729af4c0d6eef36bd7c49ba7b73'  itemscope=\"itemscope\" itemtype=\"https:\/\/schema.org\/CreativeWork\" ><div class='avia_textblock av_inherit_color'  itemprop=\"text\" ><p><strong>ZAK! fonctionne uniquement gr\u00e2ce<br \/>\n\u00e0 l&#8217;engagement de ses membres b\u00e9n\u00e9voles. \u00a0Vos dons sont donc bienvenus et hautement appr\u00e9ci\u00e9s.<br \/>\nIls serviront notamment \u00e0 financer les activit\u00e9s sportives et culturelles de l&#8217;association et \u00e0 alimenter un fonds social qui permet \u00e0 tous les membres de participer \u00e0 ces activit\u00e9s.<\/strong><\/p>\n<p>CCPLLULL &#8211; LU60 1111 2581 2407 0000<\/p>\n<p>BGLLLULL &#8211; LU67 0030 0748 2370 0000<\/p>\n<p>__________________________________________<\/p>\n<p><a href=\"https:\/\/www.zak.lu\/wp-content\/uploads\/2024\/10\/STATUTSnouvelleversion.pdf\"><strong>Statuts ZAK! asbl<\/strong><\/a><\/p>\n<p>__________________________________________<\/p>\n<p><a href=\"https:\/\/www.zak.lu\/wp-content\/uploads\/2025\/12\/RapportAGjanvier2025.pdf\"><strong>Rapport AG 2025<\/strong><\/a><\/p>\n<\/div><\/section><br \/>\n\n<style type=\"text\/css\" data-created_by=\"avia_inline_auto\" id=\"style-css-av-mawly-bf197eeff387f58b8aed5fd148aea3ff\">\n#top .hr.av-mawly-bf197eeff387f58b8aed5fd148aea3ff{\nmargin-top:30px;\nmargin-bottom:30px;\n}\n.hr.av-mawly-bf197eeff387f58b8aed5fd148aea3ff .hr-inner{\nwidth:45%;\nmax-width:45%;\n}\n<\/style>\n<div  class='hr av-mawly-bf197eeff387f58b8aed5fd148aea3ff hr-custom  avia-builder-el-12  el_after_av_textblock  avia-builder-el-last  hr-center hr-icon-yes'><span class='hr-inner inner-border-av-border-thin'><span class=\"hr-inner-style\"><\/span><\/span><span class='av-seperator-icon' aria-hidden='true' data-av_icon='\ue8bf' data-av_iconfont='entypo-fontello'><\/span><span class='hr-inner inner-border-av-border-thin'><span class=\"hr-inner-style\"><\/span><\/span><\/div><\/p><\/div><\/div><!--close column table wrapper. Autoclose: 1 -->\n<\/div><\/div><\/div><!-- close content main div --><\/div><\/div><div id='after_section_2'  class='main_color av_default_container_wrap container_wrap sidebar_right'  ><div class='container av-section-cont-open' ><div class='template-page content  av-content-small alpha units'><div class='post-entry post-entry-type-page post-entry-374'><div class='entry-content-wrapper clearfix'>\n<section  class='av_textblock_section av-mnaylbhq-1fd0b10b4d3abe305e03d4f66d646897'  itemscope=\"itemscope\" itemtype=\"https:\/\/schema.org\/CreativeWork\" ><div class='avia_textblock'  itemprop=\"text\" >\n<\/div><\/section>\n","protected":false},"excerpt":{"rendered":"","protected":false},"author":1,"featured_media":0,"parent":0,"menu_order":0,"comment_status":"closed","ping_status":"closed","template":"","meta":{"footnotes":""},"class_list":["post-374","page","type-page","status-publish","hentry"],"yoast_head":"<!-- This site is optimized with the Yoast SEO plugin v27.4 - https:\/\/yoast.com\/product\/yoast-seo-wordpress\/ -->\n<title>ZAK! - Zak<\/title>\n<meta name=\"description\" content=\"Zak ZAK! Zesummen aktiv, Luxembourg, Luxemburg, Association, b\u00e9n\u00e9vole, dons, Spenden, activit\u00e9s sportives, culturelles\" \/>\n<meta name=\"robots\" content=\"index, follow, max-snippet:-1, max-image-preview:large, max-video-preview:-1\" \/>\n<link rel=\"canonical\" href=\"https:\/\/www.zak.lu\/?page_id=374\" \/>\n<meta property=\"og:locale\" content=\"de_DE\" \/>\n<meta property=\"og:type\" content=\"article\" \/>\n<meta property=\"og:title\" content=\"ZAK! - Zak\" \/>\n<meta property=\"og:description\" content=\"Zak ZAK! Zesummen aktiv, Luxembourg, Luxemburg, Association, b\u00e9n\u00e9vole, dons, Spenden, activit\u00e9s sportives, culturelles\" \/>\n<meta property=\"og:url\" content=\"https:\/\/www.zak.lu\/?page_id=374\" \/>\n<meta property=\"og:site_name\" content=\"Zak\" \/>\n<meta property=\"article:modified_time\" content=\"2026-03-28T23:30:35+00:00\" \/>\n<meta name=\"twitter:card\" content=\"summary_large_image\" \/>\n<meta name=\"twitter:label1\" content=\"Gesch\u00e4tzte Lesezeit\" \/>\n\t<meta name=\"twitter:data1\" content=\"5\u00a0Minuten\" \/>\n<script type=\"application\/ld+json\" class=\"yoast-schema-graph\">{\"@context\":\"https:\\\/\\\/schema.org\",\"@graph\":[{\"@type\":\"WebPage\",\"@id\":\"https:\\\/\\\/www.zak.lu\\\/?page_id=374\",\"url\":\"https:\\\/\\\/www.zak.lu\\\/?page_id=374\",\"name\":\"ZAK! - Zak\",\"isPartOf\":{\"@id\":\"https:\\\/\\\/www.zak.lu\\\/#website\"},\"datePublished\":\"2015-05-31T15:14:32+00:00\",\"dateModified\":\"2026-03-28T23:30:35+00:00\",\"description\":\"Zak ZAK! Zesummen aktiv, Luxembourg, Luxemburg, Association, b\u00e9n\u00e9vole, dons, Spenden, activit\u00e9s sportives, culturelles\",\"breadcrumb\":{\"@id\":\"https:\\\/\\\/www.zak.lu\\\/?page_id=374#breadcrumb\"},\"inLanguage\":\"de\",\"potentialAction\":[{\"@type\":\"ReadAction\",\"target\":[\"https:\\\/\\\/www.zak.lu\\\/?page_id=374\"]}]},{\"@type\":\"BreadcrumbList\",\"@id\":\"https:\\\/\\\/www.zak.lu\\\/?page_id=374#breadcrumb\",\"itemListElement\":[{\"@type\":\"ListItem\",\"position\":1,\"name\":\"Startseite\",\"item\":\"https:\\\/\\\/www.zak.lu\\\/\"},{\"@type\":\"ListItem\",\"position\":2,\"name\":\"ZAK!\"}]},{\"@type\":\"WebSite\",\"@id\":\"https:\\\/\\\/www.zak.lu\\\/#website\",\"url\":\"https:\\\/\\\/www.zak.lu\\\/\",\"name\":\"Zak\",\"description\":\"\",\"publisher\":{\"@id\":\"https:\\\/\\\/www.zak.lu\\\/#organization\"},\"potentialAction\":[{\"@type\":\"SearchAction\",\"target\":{\"@type\":\"EntryPoint\",\"urlTemplate\":\"https:\\\/\\\/www.zak.lu\\\/?s={search_term_string}\"},\"query-input\":{\"@type\":\"PropertyValueSpecification\",\"valueRequired\":true,\"valueName\":\"search_term_string\"}}],\"inLanguage\":\"de\"},{\"@type\":\"Organization\",\"@id\":\"https:\\\/\\\/www.zak.lu\\\/#organization\",\"name\":\"ZAK!\",\"url\":\"https:\\\/\\\/www.zak.lu\\\/\",\"logo\":{\"@type\":\"ImageObject\",\"inLanguage\":\"de\",\"@id\":\"https:\\\/\\\/www.zak.lu\\\/#\\\/schema\\\/logo\\\/image\\\/\",\"url\":\"https:\\\/\\\/www.zak.lu\\\/wp-content\\\/uploads\\\/2022\\\/05\\\/ZakLogoHR.jpg\",\"contentUrl\":\"https:\\\/\\\/www.zak.lu\\\/wp-content\\\/uploads\\\/2022\\\/05\\\/ZakLogoHR.jpg\",\"width\":1422,\"height\":1067,\"caption\":\"ZAK!\"},\"image\":{\"@id\":\"https:\\\/\\\/www.zak.lu\\\/#\\\/schema\\\/logo\\\/image\\\/\"}}]}<\/script>\n<!-- \/ Yoast SEO plugin. -->","yoast_head_json":{"title":"ZAK! - Zak","description":"Zak ZAK! Zesummen aktiv, Luxembourg, Luxemburg, Association, b\u00e9n\u00e9vole, dons, Spenden, activit\u00e9s sportives, culturelles","robots":{"index":"index","follow":"follow","max-snippet":"max-snippet:-1","max-image-preview":"max-image-preview:large","max-video-preview":"max-video-preview:-1"},"canonical":"https:\/\/www.zak.lu\/?page_id=374","og_locale":"de_DE","og_type":"article","og_title":"ZAK! - Zak","og_description":"Zak ZAK! Zesummen aktiv, Luxembourg, Luxemburg, Association, b\u00e9n\u00e9vole, dons, Spenden, activit\u00e9s sportives, culturelles","og_url":"https:\/\/www.zak.lu\/?page_id=374","og_site_name":"Zak","article_modified_time":"2026-03-28T23:30:35+00:00","twitter_card":"summary_large_image","twitter_misc":{"Gesch\u00e4tzte Lesezeit":"5\u00a0Minuten"},"schema":{"@context":"https:\/\/schema.org","@graph":[{"@type":"WebPage","@id":"https:\/\/www.zak.lu\/?page_id=374","url":"https:\/\/www.zak.lu\/?page_id=374","name":"ZAK! - Zak","isPartOf":{"@id":"https:\/\/www.zak.lu\/#website"},"datePublished":"2015-05-31T15:14:32+00:00","dateModified":"2026-03-28T23:30:35+00:00","description":"Zak ZAK! Zesummen aktiv, Luxembourg, Luxemburg, Association, b\u00e9n\u00e9vole, dons, Spenden, activit\u00e9s sportives, culturelles","breadcrumb":{"@id":"https:\/\/www.zak.lu\/?page_id=374#breadcrumb"},"inLanguage":"de","potentialAction":[{"@type":"ReadAction","target":["https:\/\/www.zak.lu\/?page_id=374"]}]},{"@type":"BreadcrumbList","@id":"https:\/\/www.zak.lu\/?page_id=374#breadcrumb","itemListElement":[{"@type":"ListItem","position":1,"name":"Startseite","item":"https:\/\/www.zak.lu\/"},{"@type":"ListItem","position":2,"name":"ZAK!"}]},{"@type":"WebSite","@id":"https:\/\/www.zak.lu\/#website","url":"https:\/\/www.zak.lu\/","name":"Zak","description":"","publisher":{"@id":"https:\/\/www.zak.lu\/#organization"},"potentialAction":[{"@type":"SearchAction","target":{"@type":"EntryPoint","urlTemplate":"https:\/\/www.zak.lu\/?s={search_term_string}"},"query-input":{"@type":"PropertyValueSpecification","valueRequired":true,"valueName":"search_term_string"}}],"inLanguage":"de"},{"@type":"Organization","@id":"https:\/\/www.zak.lu\/#organization","name":"ZAK!","url":"https:\/\/www.zak.lu\/","logo":{"@type":"ImageObject","inLanguage":"de","@id":"https:\/\/www.zak.lu\/#\/schema\/logo\/image\/","url":"https:\/\/www.zak.lu\/wp-content\/uploads\/2022\/05\/ZakLogoHR.jpg","contentUrl":"https:\/\/www.zak.lu\/wp-content\/uploads\/2022\/05\/ZakLogoHR.jpg","width":1422,"height":1067,"caption":"ZAK!"},"image":{"@id":"https:\/\/www.zak.lu\/#\/schema\/logo\/image\/"}}]}},"_links":{"self":[{"href":"https:\/\/www.zak.lu\/index.php?rest_route=\/wp\/v2\/pages\/374","targetHints":{"allow":["GET"]}}],"collection":[{"href":"https:\/\/www.zak.lu\/index.php?rest_route=\/wp\/v2\/pages"}],"about":[{"href":"https:\/\/www.zak.lu\/index.php?rest_route=\/wp\/v2\/types\/page"}],"author":[{"embeddable":true,"href":"https:\/\/www.zak.lu\/index.php?rest_route=\/wp\/v2\/users\/1"}],"replies":[{"embeddable":true,"href":"https:\/\/www.zak.lu\/index.php?rest_route=%2Fwp%2Fv2%2Fcomments&post=374"}],"version-history":[{"count":48,"href":"https:\/\/www.zak.lu\/index.php?rest_route=\/wp\/v2\/pages\/374\/revisions"}],"predecessor-version":[{"id":5399,"href":"https:\/\/www.zak.lu\/index.php?rest_route=\/wp\/v2\/pages\/374\/revisions\/5399"}],"wp:attachment":[{"href":"https:\/\/www.zak.lu\/index.php?rest_route=%2Fwp%2Fv2%2Fmedia&parent=374"}],"curies":[{"name":"wp","href":"https:\/\/api.w.org\/{rel}","templated":true}]}}