{"id":3,"date":"2022-05-05T12:22:04","date_gmt":"2022-05-05T12:22:04","guid":{"rendered":"https:\/\/www.zak.lu\/?page_id=3"},"modified":"2022-06-24T15:25:37","modified_gmt":"2022-06-24T15:25:37","slug":"datenschutzerklaerung","status":"publish","type":"page","link":"https:\/\/www.zak.lu\/?page_id=3","title":{"rendered":"Datenschutzerkl\u00e4rung"},"content":{"rendered":"<section  class='av_textblock_section av-l4sltlkt-e99b04c8d1a5d16380a308b74510f6b3'  itemscope=\"itemscope\" itemtype=\"https:\/\/schema.org\/CreativeWork\" ><div class='avia_textblock'  itemprop=\"text\" ><h3><b>Datenschutzerkl\u00e4rung<\/b><\/h3>\n<p>Diese Datenschutzerkl\u00e4rung gilt f\u00fcr die Erhebung, Verarbeitung und Nutzung Ihrer personenbezogenen Daten im Falle einer Anfrage oder Mandatserteilung. Au\u00dferdem wird nachstehend beschrieben, wie wir mit den Daten umgehen, die wir aus Ihrem Besuch auf unserer Website entnehmen.<\/p>\n<p>Wir m\u00f6chten betonen, dass wir gr\u00f6\u00dften Wert auf den Schutz Ihrer personenbezogenen Daten legen.<\/p>\n<p><b>Erhebung, Verarbeitung und Nutzung personenbezogener Daten<\/b><\/p>\n<p>Unter personenbezogenen Daten versteht man laut Datenschutzgrundverordnung alle Informationen, die sich auf eine identifizierte oder identifizierbare nat\u00fcrliche Person beziehen; als identifizierbar gilt eine Person, wenn sie direkt oder indirekt identifiziert werden kann, insbesondere mittels Zuordnung zu einer Kennung wie einem Namen, zu einer Kennnummer, zu Standortdaten, zu einer Online-Kennung oder zu einem oder mehreren besonderen Merkmalen, die Ausdruck der physischen, physiologischen, genetischen, psychischen, wirtschaftlichen, kulturellen oder sozialen Identit\u00e4t dieser nat\u00fcrlichen Person sind (also insbesondere Vorname, Nachname, Geburtsdatum, E-Mail-Adresse, Telefonnummer, Anschrift und die Bank- und Zahlungsdaten).<\/p>\n<p>Wir erheben und verarbeiten Ihre personenbezogene Daten nur in dem Umfang, wie es notwendig ist f\u00fcr die Beantwortung Ihrer Anfrage oder die Bearbeitung eines Auftrags. Wenn Sie uns Ihre pers\u00f6nlichen Angaben, E-Mail-Adresse oder sonstige Angaben hinterlassen, z.B. anl\u00e4sslich einer Anfrage, verpflichten wir uns, diese Angaben nicht an Dritte weiterzugeben, es sei denn, es ist f\u00fcr die Erf\u00fcllung unseres Auftrages erforderlich.<\/p>\n<p>Wenn Sie von uns E-Mails erhalten, haben diese immer einen Bezug zu Ihrem Eintrag oder sind die Folge Ihrer Anfrage.<\/p>\n<p>Nach vollst\u00e4ndiger Vertragsabwicklung bleiben alle personenbezogenen Daten gespeichert. Eine L\u00f6schfrist ist aufgrund von rechtlichen Verpflichtungen (Haftung, Steuerrecht, usw.) nicht im Voraus festgelegt.<\/p>\n<p>Ihre personenbezogenen Daten werden nur im erforderlichen Ma\u00dfe an Auftragsverarbeiter und eventuell Beh\u00f6rden weitergegeben. Ihre Daten werden nicht au\u00dferhalb der EU verarbeitet, es sei denn v\u00f6llig unwissentlich und unabh\u00e4ngig von unserem Willen und Einfluss.<\/p>\n<p><b>Logfiles<\/b><\/p>\n<p>Bei Ihrem Besuch auf einer Website, also auch auf der unseren, entstehen Eintr\u00e4ge in den sogenannten Logfiles, wobei Angaben zu Ihrem Surfverhalten registriert werden (Datum des Besuchs, Uhrzeit, Verweildauer, aufgerufene Seiten, usw.). Aber keine Sorge, Sie als Surfer bleiben trotzdem anonym, denn niemals kann man erfassen, wer vor dem Computer sitzt.<\/p>\n<p>Diese von Ihnen hinterlassenen Angaben werden von uns ausschlie\u00dflich zur Analyse und zur Verbesserung unserer Website und unseres Angebotes herangezogen.<\/p>\n<p><b>Betroffenenrechte<\/b><\/p>\n<p>Auf Anfrage werden wir Sie gern \u00fcber die zu Ihrer Person gespeicherten Daten informieren. Sie k\u00f6nnen jederzeit unentgeltlich der Nutzung Ihrer personenbezogenen Daten f\u00fcr die Zukunft widersprechen, eine teilweise oder komplette L\u00f6schung bzw. Sperrung veranlassen oder Auskunft \u00fcber die von uns zu Ihrer Person gespeicherten Daten bzw. deren Berichtigung oder Einschr\u00e4nkung der Verarbeitung verlangen. Sie haben ebenfalls das Anrecht auf Daten\u00fcbertragbarkeit.<\/p>\n<p>Au\u00dferdem machen wir Sie auf das Bestehen eines Beschwerderechts bei einer Aufsichtsbeh\u00f6rde aufmerksam.<\/p>\n<p><b>Sicherheit<\/b><\/p>\n<p>Wir treffen alle notwendigen technischen und organisatorischen Sicherheitsma\u00dfnahmen, um Ihre personenbezogenen Daten vor Verlust, Missbrauch und Ver\u00e4nderung oder Verbreitung Ihrer Daten durch unbefugte Personen zu sch\u00fctzen.<\/p>\n<p><b>Verantwortlicher im Sinne der Datenschutzverordnung: <\/b><\/p>\n<p>ZAK!<br \/>\n21, rue Adolphe<br \/>\nL-1116 Luxembourg<\/p>\n<\/div><\/section>\n","protected":false},"excerpt":{"rendered":"","protected":false},"author":1,"featured_media":0,"parent":0,"menu_order":0,"comment_status":"closed","ping_status":"open","template":"","meta":{"footnotes":""},"class_list":["post-3","page","type-page","status-publish","hentry"],"yoast_head":"<!-- This site is optimized with the Yoast SEO plugin v27.4 - https:\/\/yoast.com\/product\/yoast-seo-wordpress\/ -->\n<title>Datenschutzerkl\u00e4rung - Zak<\/title>\n<meta name=\"description\" content=\"Zak ZAK!, Datenschutzerkl\u00e4rung, Luxembourg, Luxemburg,\" \/>\n<meta name=\"robots\" content=\"index, follow, max-snippet:-1, max-image-preview:large, max-video-preview:-1\" \/>\n<link rel=\"canonical\" href=\"https:\/\/www.zak.lu\/?page_id=3\" \/>\n<meta property=\"og:locale\" content=\"de_DE\" \/>\n<meta property=\"og:type\" content=\"article\" \/>\n<meta property=\"og:title\" content=\"Datenschutzerkl\u00e4rung - Zak\" \/>\n<meta property=\"og:description\" content=\"Zak ZAK!, Datenschutzerkl\u00e4rung, Luxembourg, Luxemburg,\" \/>\n<meta property=\"og:url\" content=\"https:\/\/www.zak.lu\/?page_id=3\" \/>\n<meta property=\"og:site_name\" content=\"Zak\" \/>\n<meta property=\"article:modified_time\" content=\"2022-06-24T15:25:37+00:00\" \/>\n<meta name=\"twitter:card\" content=\"summary_large_image\" \/>\n<meta name=\"twitter:label1\" content=\"Gesch\u00e4tzte Lesezeit\" \/>\n\t<meta name=\"twitter:data1\" content=\"3\u00a0Minuten\" \/>\n<script type=\"application\/ld+json\" class=\"yoast-schema-graph\">{\"@context\":\"https:\\\/\\\/schema.org\",\"@graph\":[{\"@type\":\"WebPage\",\"@id\":\"https:\\\/\\\/www.zak.lu\\\/?page_id=3\",\"url\":\"https:\\\/\\\/www.zak.lu\\\/?page_id=3\",\"name\":\"Datenschutzerkl\u00e4rung - Zak\",\"isPartOf\":{\"@id\":\"https:\\\/\\\/www.zak.lu\\\/#website\"},\"datePublished\":\"2022-05-05T12:22:04+00:00\",\"dateModified\":\"2022-06-24T15:25:37+00:00\",\"description\":\"Zak ZAK!, Datenschutzerkl\u00e4rung, Luxembourg, Luxemburg,\",\"breadcrumb\":{\"@id\":\"https:\\\/\\\/www.zak.lu\\\/?page_id=3#breadcrumb\"},\"inLanguage\":\"de\",\"potentialAction\":[{\"@type\":\"ReadAction\",\"target\":[\"https:\\\/\\\/www.zak.lu\\\/?page_id=3\"]}]},{\"@type\":\"BreadcrumbList\",\"@id\":\"https:\\\/\\\/www.zak.lu\\\/?page_id=3#breadcrumb\",\"itemListElement\":[{\"@type\":\"ListItem\",\"position\":1,\"name\":\"Startseite\",\"item\":\"https:\\\/\\\/www.zak.lu\\\/\"},{\"@type\":\"ListItem\",\"position\":2,\"name\":\"Datenschutzerkl\u00e4rung\"}]},{\"@type\":\"WebSite\",\"@id\":\"https:\\\/\\\/www.zak.lu\\\/#website\",\"url\":\"https:\\\/\\\/www.zak.lu\\\/\",\"name\":\"Zak\",\"description\":\"\",\"publisher\":{\"@id\":\"https:\\\/\\\/www.zak.lu\\\/#organization\"},\"potentialAction\":[{\"@type\":\"SearchAction\",\"target\":{\"@type\":\"EntryPoint\",\"urlTemplate\":\"https:\\\/\\\/www.zak.lu\\\/?s={search_term_string}\"},\"query-input\":{\"@type\":\"PropertyValueSpecification\",\"valueRequired\":true,\"valueName\":\"search_term_string\"}}],\"inLanguage\":\"de\"},{\"@type\":\"Organization\",\"@id\":\"https:\\\/\\\/www.zak.lu\\\/#organization\",\"name\":\"ZAK!\",\"url\":\"https:\\\/\\\/www.zak.lu\\\/\",\"logo\":{\"@type\":\"ImageObject\",\"inLanguage\":\"de\",\"@id\":\"https:\\\/\\\/www.zak.lu\\\/#\\\/schema\\\/logo\\\/image\\\/\",\"url\":\"https:\\\/\\\/www.zak.lu\\\/wp-content\\\/uploads\\\/2022\\\/05\\\/ZakLogoHR.jpg\",\"contentUrl\":\"https:\\\/\\\/www.zak.lu\\\/wp-content\\\/uploads\\\/2022\\\/05\\\/ZakLogoHR.jpg\",\"width\":1422,\"height\":1067,\"caption\":\"ZAK!\"},\"image\":{\"@id\":\"https:\\\/\\\/www.zak.lu\\\/#\\\/schema\\\/logo\\\/image\\\/\"}}]}<\/script>\n<!-- \/ Yoast SEO plugin. -->","yoast_head_json":{"title":"Datenschutzerkl\u00e4rung - Zak","description":"Zak ZAK!, Datenschutzerkl\u00e4rung, Luxembourg, Luxemburg,","robots":{"index":"index","follow":"follow","max-snippet":"max-snippet:-1","max-image-preview":"max-image-preview:large","max-video-preview":"max-video-preview:-1"},"canonical":"https:\/\/www.zak.lu\/?page_id=3","og_locale":"de_DE","og_type":"article","og_title":"Datenschutzerkl\u00e4rung - Zak","og_description":"Zak ZAK!, Datenschutzerkl\u00e4rung, Luxembourg, Luxemburg,","og_url":"https:\/\/www.zak.lu\/?page_id=3","og_site_name":"Zak","article_modified_time":"2022-06-24T15:25:37+00:00","twitter_card":"summary_large_image","twitter_misc":{"Gesch\u00e4tzte Lesezeit":"3\u00a0Minuten"},"schema":{"@context":"https:\/\/schema.org","@graph":[{"@type":"WebPage","@id":"https:\/\/www.zak.lu\/?page_id=3","url":"https:\/\/www.zak.lu\/?page_id=3","name":"Datenschutzerkl\u00e4rung - Zak","isPartOf":{"@id":"https:\/\/www.zak.lu\/#website"},"datePublished":"2022-05-05T12:22:04+00:00","dateModified":"2022-06-24T15:25:37+00:00","description":"Zak ZAK!, Datenschutzerkl\u00e4rung, Luxembourg, Luxemburg,","breadcrumb":{"@id":"https:\/\/www.zak.lu\/?page_id=3#breadcrumb"},"inLanguage":"de","potentialAction":[{"@type":"ReadAction","target":["https:\/\/www.zak.lu\/?page_id=3"]}]},{"@type":"BreadcrumbList","@id":"https:\/\/www.zak.lu\/?page_id=3#breadcrumb","itemListElement":[{"@type":"ListItem","position":1,"name":"Startseite","item":"https:\/\/www.zak.lu\/"},{"@type":"ListItem","position":2,"name":"Datenschutzerkl\u00e4rung"}]},{"@type":"WebSite","@id":"https:\/\/www.zak.lu\/#website","url":"https:\/\/www.zak.lu\/","name":"Zak","description":"","publisher":{"@id":"https:\/\/www.zak.lu\/#organization"},"potentialAction":[{"@type":"SearchAction","target":{"@type":"EntryPoint","urlTemplate":"https:\/\/www.zak.lu\/?s={search_term_string}"},"query-input":{"@type":"PropertyValueSpecification","valueRequired":true,"valueName":"search_term_string"}}],"inLanguage":"de"},{"@type":"Organization","@id":"https:\/\/www.zak.lu\/#organization","name":"ZAK!","url":"https:\/\/www.zak.lu\/","logo":{"@type":"ImageObject","inLanguage":"de","@id":"https:\/\/www.zak.lu\/#\/schema\/logo\/image\/","url":"https:\/\/www.zak.lu\/wp-content\/uploads\/2022\/05\/ZakLogoHR.jpg","contentUrl":"https:\/\/www.zak.lu\/wp-content\/uploads\/2022\/05\/ZakLogoHR.jpg","width":1422,"height":1067,"caption":"ZAK!"},"image":{"@id":"https:\/\/www.zak.lu\/#\/schema\/logo\/image\/"}}]}},"_links":{"self":[{"href":"https:\/\/www.zak.lu\/index.php?rest_route=\/wp\/v2\/pages\/3","targetHints":{"allow":["GET"]}}],"collection":[{"href":"https:\/\/www.zak.lu\/index.php?rest_route=\/wp\/v2\/pages"}],"about":[{"href":"https:\/\/www.zak.lu\/index.php?rest_route=\/wp\/v2\/types\/page"}],"author":[{"embeddable":true,"href":"https:\/\/www.zak.lu\/index.php?rest_route=\/wp\/v2\/users\/1"}],"replies":[{"embeddable":true,"href":"https:\/\/www.zak.lu\/index.php?rest_route=%2Fwp%2Fv2%2Fcomments&post=3"}],"version-history":[{"count":1,"href":"https:\/\/www.zak.lu\/index.php?rest_route=\/wp\/v2\/pages\/3\/revisions"}],"predecessor-version":[{"id":764,"href":"https:\/\/www.zak.lu\/index.php?rest_route=\/wp\/v2\/pages\/3\/revisions\/764"}],"wp:attachment":[{"href":"https:\/\/www.zak.lu\/index.php?rest_route=%2Fwp%2Fv2%2Fmedia&parent=3"}],"curies":[{"name":"wp","href":"https:\/\/api.w.org\/{rel}","templated":true}]}}